{"id":19685,"date":"2026-01-04T11:38:07","date_gmt":"2026-01-04T11:38:07","guid":{"rendered":"https:\/\/newstaging.brokercheck.co\/amistades-en-linea-verdaderas-o-falsas\/"},"modified":"2026-02-03T16:43:08","modified_gmt":"2026-02-03T16:43:08","slug":"amistades-en-linea-verdaderas-o-falsas","status":"publish","type":"page","link":"https:\/\/newstaging.brokercheck.co\/da\/amistades-en-linea-verdaderas-o-falsas\/","title":{"rendered":"Amistades en l\u00ednea: \u00bfverdaderas o falsas?"},"content":{"rendered":"<p>Algunos estudios muestran una correlaci\u00f3n entre el uso de las redes sociales y la baja autoestima, aunque no existen pruebas s\u00f3lidas que demuestren que esta sea la causa principal. De hecho, otros han salido en defensa de internet y afirman que ha hecho lo contrario: ha ayudado a revitalisar las relaciones sociales. En algunas personas les resulta m\u00e1s f\u00e1cil entablar relaciones cuando est\u00e1n ocultas tras una pantalla. Les permite ser ellas mismas sin miedo al rechazo, el rid\u00edculo ni el juicio. Pronto, anmoder la confianza suficiente para fusionar sus personalidades virtuales con las que tienen fuera de l\u00ednea, convirti\u00e9ndose en una version mas aut\u00e9ntica de s\u00ed mismas.<\/p>\n","protected":false},"excerpt":{"rendered":"<p>Algunos estudios muestran una correlaci\u00f3n entre el uso de las redes sociales y la baja autoestima, aunque no existen pruebas s\u00f3lidas que demuestren que esta sea la causa principal. De hecho, otros han salido en defensa de internet y afirman que ha hecho lo contrario: ha ayudado a revitalisar las relaciones sociales. En algunas personas [&hellip;]<\/p>\n","protected":false},"author":15,"featured_media":0,"parent":0,"menu_order":0,"comment_status":"open","ping_status":"open","template":"","meta":{"_acf_changed":false,"_glsr_average":0,"_glsr_ranking":0,"_glsr_reviews":0,"footnotes":""},"class_list":["post-19685","page","type-page","status-publish","hentry"],"acf":[],"_links":{"self":[{"href":"https:\/\/newstaging.brokercheck.co\/da\/wp-json\/wp\/v2\/pages\/19685","targetHints":{"allow":["GET"]}}],"collection":[{"href":"https:\/\/newstaging.brokercheck.co\/da\/wp-json\/wp\/v2\/pages"}],"about":[{"href":"https:\/\/newstaging.brokercheck.co\/da\/wp-json\/wp\/v2\/types\/page"}],"author":[{"embeddable":true,"href":"https:\/\/newstaging.brokercheck.co\/da\/wp-json\/wp\/v2\/users\/15"}],"replies":[{"embeddable":true,"href":"https:\/\/newstaging.brokercheck.co\/da\/wp-json\/wp\/v2\/comments?post=19685"}],"version-history":[{"count":2,"href":"https:\/\/newstaging.brokercheck.co\/da\/wp-json\/wp\/v2\/pages\/19685\/revisions"}],"predecessor-version":[{"id":25182,"href":"https:\/\/newstaging.brokercheck.co\/da\/wp-json\/wp\/v2\/pages\/19685\/revisions\/25182"}],"wp:attachment":[{"href":"https:\/\/newstaging.brokercheck.co\/da\/wp-json\/wp\/v2\/media?parent=19685"}],"curies":[{"name":"wp","href":"https:\/\/api.w.org\/{rel}","templated":true}]}}