{"id":19944,"date":"2026-01-01T02:25:27","date_gmt":"2026-01-01T02:25:27","guid":{"rendered":"https:\/\/newstaging.brokercheck.co\/xm-secures-sca-license-strengthening-its-presence-in-the-uae-2\/"},"modified":"2026-02-03T16:56:47","modified_gmt":"2026-02-03T16:56:47","slug":"xm-secures-sca-license-strengthening-its-presence-in-the-uae-2","status":"publish","type":"page","link":"https:\/\/newstaging.brokercheck.co\/da\/xm-secures-sca-license-strengthening-its-presence-in-the-uae-2\/","title":{"rendered":"XM sikrer SCA-licens og styrker dermed sin tilstedev\u00e6relse i UAE"},"content":{"rendered":"<p><a href=\"https:\/\/go.brokercheck.co\/xm\" target=\"_blank\" rel=\"noopener\">XM<\/a>, en globalt anerkendt m\u00e6gler med over 15 millioner kunder verden over, har officielt opn\u00e5et en kategori 5-licens fra <b>Securities and Commodities Authority (SCA)<\/b> i De Forenede Arabiske Emirater, hvilket markerer endnu en vigtig milep\u00e6l i virksomhedens fortsatte globale ekspansion.<\/p>\n<p>Godkendelsen fra SCA afspejler XMs dedikation til at operere under robuste regulatoriske standarder, samtidig med at vi fortsat leverer et sikkert, transparent og kundeorienteret handelsmilj\u00f8.<\/p>\n<p>&#8220;<b><i>UAE har etableret sig som et finansielt knudepunkt i verdensklasse, og modtagelsen af godkendelse fra SCA understreger vores engagement i langsigtet v\u00e6kst og tillid i regionen<\/i><\/b>,&#8221; sagde Menelaos Menelaou, co-Administrerende direkt\u00f8r, XM. &#8220;<b><i>Vi er stolte af nu at kunne tilbyde kunder i UAE de samme prisvindende tjenester og h\u00f8je standarder for gennemsigtighed, der definerer XM globalt.<\/i><\/b>&#8221;<\/p>\n<p>Den nye licens styrker XMs regionale tilstedev\u00e6relse og g\u00f8r det muligt for virksomheden at betjene handlende direkte i Dubai og p\u00e5 tv\u00e6rs af Emiraterne, hvilket bringer lokale kunder t\u00e6ttere p\u00e5 XMs etablerede globale \u00f8kosystem af produkter, uddannelsesressourcer og support.<\/p>\n<p>Den nye autorisation giver XM mulighed for at tilbyde sit fulde udvalg af handelstjenester og p\u00e5lidelige produkter i hele UAE via sin nye hjemmeside, <a href=\"https:\/\/go.brokercheck.co\/xm\" target=\"_blank\" rel=\"noopener\"><b>www.xm.ae<\/b><\/a>. Siden er i \u00f8jeblikket tilg\u00e6ngelig p\u00e5 arabisk og engelsk.<\/p>\n<p>Kunder, der registrerer sig hos XM, f\u00e5r problemfri onboarding og adgang til overlegne handelsbetingelser, en bred vifte af produkter og handelsv\u00e6rkt\u00f8jer, gratis uddannelse og prisvindende support.<\/p>\n<p>#SCALicenseXM<\/p>\n<p><b>Om XM<\/b><\/p>\n<p>XM er et internationalt etableret handels- og investeringsfirma med over 15 millioner kunder fra over 190 lande. Bev\u00e6bnet med flere internationale licenser tilbyder XM konkurrencedygtige tjenester til detailhandlere, investorer og affilierede.<\/p>\n<p>Med over 15 \u00e5rs erfaring med at betjene kunder har XM vist sig at v\u00e6re fair, trov\u00e6rdig og p\u00e5lidelig. Handlende kan f\u00e5 adgang til over 1.400 instrumenter p\u00e5 mere end 10 platforme, inklusive XM-appen. Den prisvindende m\u00e6gler er kendt for sin brede vifte af produkter, fremragende support og enest\u00e5ende live-uddannelse.<\/p>\n<p><b>Risikoadvarsel:<\/b> Vores tjenester indeb\u00e6rer betydelige risici og kan resultere i tab af din investerede kapital. Betingelser og vilk\u00e5r g\u00e6lder.<\/p>\n","protected":false},"excerpt":{"rendered":"<p>XM, en globalt anerkendt m\u00e6gler med over 15 millioner kunder verden over, har officielt opn\u00e5et en kategori 5-licens fra Securities and Commodities Authority (SCA) i De Forenede Arabiske Emirater, hvilket markerer endnu en vigtig milep\u00e6l i virksomhedens fortsatte globale ekspansion. Godkendelsen fra SCA afspejler XMs dedikation til at operere under robuste regulatoriske standarder, samtidig med [&hellip;]<\/p>\n","protected":false},"author":6,"featured_media":19864,"parent":0,"menu_order":0,"comment_status":"open","ping_status":"open","template":"","meta":{"_acf_changed":false,"_glsr_average":0,"_glsr_ranking":0,"_glsr_reviews":0,"footnotes":""},"class_list":["post-19944","page","type-page","status-publish","has-post-thumbnail","hentry"],"acf":[],"_links":{"self":[{"href":"https:\/\/newstaging.brokercheck.co\/da\/wp-json\/wp\/v2\/pages\/19944","targetHints":{"allow":["GET"]}}],"collection":[{"href":"https:\/\/newstaging.brokercheck.co\/da\/wp-json\/wp\/v2\/pages"}],"about":[{"href":"https:\/\/newstaging.brokercheck.co\/da\/wp-json\/wp\/v2\/types\/page"}],"author":[{"embeddable":true,"href":"https:\/\/newstaging.brokercheck.co\/da\/wp-json\/wp\/v2\/users\/6"}],"replies":[{"embeddable":true,"href":"https:\/\/newstaging.brokercheck.co\/da\/wp-json\/wp\/v2\/comments?post=19944"}],"version-history":[{"count":2,"href":"https:\/\/newstaging.brokercheck.co\/da\/wp-json\/wp\/v2\/pages\/19944\/revisions"}],"predecessor-version":[{"id":26052,"href":"https:\/\/newstaging.brokercheck.co\/da\/wp-json\/wp\/v2\/pages\/19944\/revisions\/26052"}],"wp:featuredmedia":[{"embeddable":true,"href":"https:\/\/newstaging.brokercheck.co\/da\/wp-json\/wp\/v2\/media\/19864"}],"wp:attachment":[{"href":"https:\/\/newstaging.brokercheck.co\/da\/wp-json\/wp\/v2\/media?parent=19944"}],"curies":[{"name":"wp","href":"https:\/\/api.w.org\/{rel}","templated":true}]}}