{"id":19690,"date":"2026-01-04T11:38:07","date_gmt":"2026-01-04T11:38:07","guid":{"rendered":"https:\/\/newstaging.brokercheck.co\/amistades-en-linea-verdaderas-o-falsas\/"},"modified":"2026-02-03T16:42:58","modified_gmt":"2026-02-03T16:42:58","slug":"amistades-en-linea-verdaderas-o-falsas","status":"publish","type":"page","link":"https:\/\/newstaging.brokercheck.co\/de\/amistades-en-linea-verdaderas-o-falsas\/","title":{"rendered":"Amistades en l\u00ednea: \u00bfverdaderas o falsas?"},"content":{"rendered":"<p>Algunos estudios muss einen Zusammenhang zwischen der Nutzung der sozialen Medien und der Selbsteinsch\u00e4tzung herstellen, obwohl es keine soliden Pr\u00fcfungen gibt, die dem Hauptverursacher entgegenstehen. Deshalb haben andere die Verteidigung des Internets verteidigt und erkl\u00e4rt, dass sie das Gegenteil getan haben: Sie haben die sozialen Beziehungen wiederbelebt. F\u00fcr einige Personen ist es einfacher, Kontakte zu kn\u00fcpfen, wenn sie auf einem Bildschirm sichtbar sind. Es ist nicht erlaubt, die Wahrheit zu sagen, die L\u00e4cherlichkeit ist nicht saftig. Stellen Sie sofort sicher, dass das Vertrauen ausreicht, um Ihre virtuellen pers\u00f6nlichen Daten mit dem, was Sie gerade haben, zusammenzuf\u00fchren, und wandeln Sie es in eine authentischere Version Ihrer eigenen um.<\/p>\n","protected":false},"excerpt":{"rendered":"<p>Algunos estudios muss einen Zusammenhang zwischen der Nutzung der sozialen Medien und der Selbsteinsch\u00e4tzung herstellen, obwohl es keine soliden Pr\u00fcfungen gibt, die dem Hauptverursacher entgegenstehen. Deshalb haben andere die Verteidigung des Internets verteidigt und erkl\u00e4rt, dass sie das Gegenteil getan haben: Sie haben die sozialen Beziehungen wiederbelebt. F\u00fcr einige Personen ist es einfacher, Kontakte zu [&hellip;]<\/p>\n","protected":false},"author":15,"featured_media":0,"parent":0,"menu_order":0,"comment_status":"open","ping_status":"open","template":"","meta":{"_acf_changed":false,"_glsr_average":0,"_glsr_ranking":0,"_glsr_reviews":0,"footnotes":""},"class_list":["post-19690","page","type-page","status-publish","hentry"],"acf":[],"_links":{"self":[{"href":"https:\/\/newstaging.brokercheck.co\/de\/wp-json\/wp\/v2\/pages\/19690","targetHints":{"allow":["GET"]}}],"collection":[{"href":"https:\/\/newstaging.brokercheck.co\/de\/wp-json\/wp\/v2\/pages"}],"about":[{"href":"https:\/\/newstaging.brokercheck.co\/de\/wp-json\/wp\/v2\/types\/page"}],"author":[{"embeddable":true,"href":"https:\/\/newstaging.brokercheck.co\/de\/wp-json\/wp\/v2\/users\/15"}],"replies":[{"embeddable":true,"href":"https:\/\/newstaging.brokercheck.co\/de\/wp-json\/wp\/v2\/comments?post=19690"}],"version-history":[{"count":2,"href":"https:\/\/newstaging.brokercheck.co\/de\/wp-json\/wp\/v2\/pages\/19690\/revisions"}],"predecessor-version":[{"id":25166,"href":"https:\/\/newstaging.brokercheck.co\/de\/wp-json\/wp\/v2\/pages\/19690\/revisions\/25166"}],"wp:attachment":[{"href":"https:\/\/newstaging.brokercheck.co\/de\/wp-json\/wp\/v2\/media?parent=19690"}],"curies":[{"name":"wp","href":"https:\/\/api.w.org\/{rel}","templated":true}]}}