{"id":19886,"date":"2026-01-01T02:30:26","date_gmt":"2026-01-01T02:30:26","guid":{"rendered":"https:\/\/newstaging.brokercheck.co\/xm-secures-sca-license-strengthening-its-presence-in-the-uae\/"},"modified":"2026-02-03T16:56:54","modified_gmt":"2026-02-03T16:56:54","slug":"xm-secures-sca-license-strengthening-its-presence-in-the-uae","status":"publish","type":"page","link":"https:\/\/newstaging.brokercheck.co\/es-pe\/xm-secures-sca-license-strengthening-its-presence-in-the-uae\/","title":{"rendered":"XM obtiene la licencia SCA y refuerza su presencia en los Emiratos \u00c1rabes Unidos"},"content":{"rendered":"<p><a href=\"https:\/\/go.brokercheck.co\/xm\" target=\"_blank\" rel=\"noopener\">XM<\/a>, un br\u00f3ker de renombre mundial con m\u00e1s de 15 millones de clientes en todo el mundo, ha obtenido oficialmente una licencia de categor\u00eda 5 de la <b>Autoridad de Valores y Materias Primas (SCA)<\/b> de los Emiratos \u00c1rabes Unidos, lo que marca otro hito clave en su continua expansi\u00f3n global.<\/p>\n<p>La aprobaci\u00f3n de la SCA refleja la dedicaci\u00f3n de XM a operar bajo estrictos est\u00e1ndares regulatorios, a la vez que contin\u00faa ofreciendo un entorno comercial seguro, transparente y centrado en el cliente.<\/p>\n<p>\u201c<b><i>Los EAU se han consolidado como un centro financiero de primer nivel, y recibir la autorizaci\u00f3n de la SCA subraya nuestro compromiso con el crecimiento a largo plazo y la confianza en la regi\u00f3n<\/i><\/b>\u201d, afirm\u00f3 Menelaos Menelaou, codirector ejecutivo de XM. \u201c<b><i>Nos enorgullece ofrecer a los clientes de los EAU los mismos servicios galardonados y los altos est\u00e1ndares de transparencia que definen a XM a nivel mundial.<\/i><\/b>\u201d<\/p>\n<p>La nueva licencia fortalece la presencia regional de XM y permite a la compa\u00f1\u00eda atender directamente a los operadores en Dub\u00e1i y en todos los Emiratos, acercando a los clientes locales al ecosistema global consolidado de productos, recursos educativos y soporte de XM.<\/p>\n<p>La nueva autorizaci\u00f3n permite a XM ofrecer su gama completa de servicios de trading y productos de confianza en los EAU a trav\u00e9s de su nuevo sitio web, <a href=\"https:\/\/go.brokercheck.co\/xm\" target=\"_blank\" rel=\"noopener\"><b>www.xm.ae<\/b><\/a>. El sitio est\u00e1 actualmente disponible en \u00e1rabe e ingl\u00e9s.<\/p>\n<p>Los clientes que se registren en XM disfrutar\u00e1n de una integraci\u00f3n fluida y acceso a condiciones de trading superiores, una amplia gama de productos y herramientas de trading, formaci\u00f3n gratuita y un soporte galardonado.<\/p>\n<p>#SCALicenseXM<\/p>\n<p><b>Acerca de XM<\/b><\/p>\n<p>XM es una firma de trading e inversi\u00f3n con presencia internacional, con m\u00e1s de 15 millones de clientes en m\u00e1s de 190 pa\u00edses. Con m\u00faltiples licencias internacionales, XM ofrece servicios competitivos para traders minoristas, inversores y afiliados.<\/p>\n<p>Con m\u00e1s de 15 a\u00f1os de experiencia, XM ha demostrado ser una empresa justa, confiable y segura. Los traders pueden acceder a m\u00e1s de 1400 instrumentos en m\u00e1s de 10 plataformas, incluyendo la app de XM. Este galardonado br\u00f3ker es conocido por su amplia gama de productos, excelente soporte y excelente formaci\u00f3n en vivo.<\/p>\n<p><b>Advertencia de riesgo:<\/b> Nuestros servicios implican riesgos significativos y pueden resultar en la p\u00e9rdida del capital invertido. Se aplican t\u00e9rminos y condiciones.<\/p>\n","protected":false},"excerpt":{"rendered":"<p>XM, un br\u00f3ker de renombre mundial con m\u00e1s de 15 millones de clientes en todo el mundo, ha obtenido oficialmente una licencia de categor\u00eda 5 de la Autoridad de Valores y Materias Primas (SCA) de los Emiratos \u00c1rabes Unidos, lo que marca otro hito clave en su continua expansi\u00f3n global. La aprobaci\u00f3n de la SCA [&hellip;]<\/p>\n","protected":false},"author":6,"featured_media":19887,"parent":0,"menu_order":0,"comment_status":"open","ping_status":"open","template":"","meta":{"_acf_changed":false,"_glsr_average":0,"_glsr_ranking":0,"_glsr_reviews":0,"footnotes":""},"class_list":["post-19886","page","type-page","status-publish","has-post-thumbnail","hentry"],"acf":[],"_links":{"self":[{"href":"https:\/\/newstaging.brokercheck.co\/es-pe\/wp-json\/wp\/v2\/pages\/19886","targetHints":{"allow":["GET"]}}],"collection":[{"href":"https:\/\/newstaging.brokercheck.co\/es-pe\/wp-json\/wp\/v2\/pages"}],"about":[{"href":"https:\/\/newstaging.brokercheck.co\/es-pe\/wp-json\/wp\/v2\/types\/page"}],"author":[{"embeddable":true,"href":"https:\/\/newstaging.brokercheck.co\/es-pe\/wp-json\/wp\/v2\/users\/6"}],"replies":[{"embeddable":true,"href":"https:\/\/newstaging.brokercheck.co\/es-pe\/wp-json\/wp\/v2\/comments?post=19886"}],"version-history":[{"count":2,"href":"https:\/\/newstaging.brokercheck.co\/es-pe\/wp-json\/wp\/v2\/pages\/19886\/revisions"}],"predecessor-version":[{"id":26133,"href":"https:\/\/newstaging.brokercheck.co\/es-pe\/wp-json\/wp\/v2\/pages\/19886\/revisions\/26133"}],"wp:featuredmedia":[{"embeddable":true,"href":"https:\/\/newstaging.brokercheck.co\/es-pe\/wp-json\/wp\/v2\/media\/19887"}],"wp:attachment":[{"href":"https:\/\/newstaging.brokercheck.co\/es-pe\/wp-json\/wp\/v2\/media?parent=19886"}],"curies":[{"name":"wp","href":"https:\/\/api.w.org\/{rel}","templated":true}]}}