{"id":19694,"date":"2026-01-04T11:38:07","date_gmt":"2026-01-04T11:38:07","guid":{"rendered":"https:\/\/newstaging.brokercheck.co\/amistades-en-linea-verdaderas-o-falsas\/"},"modified":"2026-02-03T16:42:59","modified_gmt":"2026-02-03T16:42:59","slug":"amistades-en-linea-verdaderas-o-falsas","status":"publish","type":"page","link":"https:\/\/newstaging.brokercheck.co\/it\/amistades-en-linea-verdaderas-o-falsas\/","title":{"rendered":"Amici in linea: \u00bfverdaderas o falsas?"},"content":{"rendered":"<p>Alcuni studi mostrano una correlazione tra l&#8217;uso delle reti sociali e la bassa autostima, anche se non esistono prove solide che dimostrino che questa \u00e8 la causa principale. Del resto, altri hanno fatto un salto in difesa di Internet e hanno affermato che \u00e8 stato il contrario: ha aiutato a rivitalizzare le relazioni sociali. Alcune persone risultano pi\u00f9 facili da stabilire quando sono nascoste dietro uno schermo. Les permite ser ellas mismas sin miedo al rechazo, el rid\u00edculo ni el juicio. Pronto, acquisisci la fiducia sufficiente per fondere le tue personalit\u00e0 virtuali con quelle che hanno fuori linea, convertendosi in una versione pi\u00f9 autentica di s\u00ec.<\/p>\n","protected":false},"excerpt":{"rendered":"<p>Alcuni studi mostrano una correlazione tra l&#8217;uso delle reti sociali e la bassa autostima, anche se non esistono prove solide che dimostrino che questa \u00e8 la causa principale. Del resto, altri hanno fatto un salto in difesa di Internet e hanno affermato che \u00e8 stato il contrario: ha aiutato a rivitalizzare le relazioni sociali. Alcune [&hellip;]<\/p>\n","protected":false},"author":15,"featured_media":0,"parent":0,"menu_order":0,"comment_status":"open","ping_status":"open","template":"","meta":{"_acf_changed":false,"_glsr_average":0,"_glsr_ranking":0,"_glsr_reviews":0,"footnotes":""},"class_list":["post-19694","page","type-page","status-publish","hentry"],"acf":[],"_links":{"self":[{"href":"https:\/\/newstaging.brokercheck.co\/it\/wp-json\/wp\/v2\/pages\/19694","targetHints":{"allow":["GET"]}}],"collection":[{"href":"https:\/\/newstaging.brokercheck.co\/it\/wp-json\/wp\/v2\/pages"}],"about":[{"href":"https:\/\/newstaging.brokercheck.co\/it\/wp-json\/wp\/v2\/types\/page"}],"author":[{"embeddable":true,"href":"https:\/\/newstaging.brokercheck.co\/it\/wp-json\/wp\/v2\/users\/15"}],"replies":[{"embeddable":true,"href":"https:\/\/newstaging.brokercheck.co\/it\/wp-json\/wp\/v2\/comments?post=19694"}],"version-history":[{"count":2,"href":"https:\/\/newstaging.brokercheck.co\/it\/wp-json\/wp\/v2\/pages\/19694\/revisions"}],"predecessor-version":[{"id":25167,"href":"https:\/\/newstaging.brokercheck.co\/it\/wp-json\/wp\/v2\/pages\/19694\/revisions\/25167"}],"wp:attachment":[{"href":"https:\/\/newstaging.brokercheck.co\/it\/wp-json\/wp\/v2\/media?parent=19694"}],"curies":[{"name":"wp","href":"https:\/\/api.w.org\/{rel}","templated":true}]}}