{"id":19882,"date":"2026-01-01T02:30:26","date_gmt":"2026-01-01T02:30:26","guid":{"rendered":"https:\/\/newstaging.brokercheck.co\/xm-secures-sca-license-strengthening-its-presence-in-the-uae\/"},"modified":"2026-02-03T16:56:46","modified_gmt":"2026-02-03T16:56:46","slug":"xm-secures-sca-license-strengthening-its-presence-in-the-uae","status":"publish","type":"page","link":"https:\/\/newstaging.brokercheck.co\/no\/xm-secures-sca-license-strengthening-its-presence-in-the-uae\/","title":{"rendered":"XM sikrer seg SCA-lisens og styrker dermed sin tilstedev\u00e6relse i De forente arabiske emirater."},"content":{"rendered":"<p><a href=\"https:\/\/go.brokercheck.co\/xm\" target=\"_blank\" rel=\"noopener\">XM<\/a>, en globalt anerkjent megler med over 15 millioner kunder over hele verden, har offisielt f\u00e5tt en kategori 5-lisens fra <b>Securities and Commodities Authority (SCA)<\/b> i De forente arabiske emirater, noe som markerer nok en viktig milep\u00e6l i selskapets fortsatte globale ekspansjon.<\/p>\n<p>Godkjenningen fra SCA gjenspeiler XMs dedikasjon til \u00e5 operere under robuste regulatoriske standarder, samtidig som de fortsetter \u00e5 tilby et sikkert, transparent og kundeorientert handelsmilj\u00f8.<\/p>\n<p>\u00ab<b><i>De forente arabiske emirater har etablert seg som et finansielt knutepunkt i verdensklasse, og det \u00e5 motta autorisasjon fra SCA understreker v\u00e5r forpliktelse til langsiktig vekst og tillit i regionen<\/i><\/b>\u00bb, sa Menelaos Menelaou, administrerende direkt\u00f8r i XM. \u00ab<b><i>Vi er stolte av \u00e5 n\u00e5 tilby kunder i De forente arabiske emirater de samme prisvinnende tjenestene og h\u00f8ye standardene for \u00e5penhet som definerer XM globalt.<\/i><\/b>\u00bb<\/p>\n<p>Den nye lisensen styrker XMs regionale tilstedev\u00e6relse og gj\u00f8r det mulig for selskapet \u00e5 betjene tradere direkte i Dubai og p\u00e5 tvers av Emiratene, noe som bringer lokale kunder n\u00e6rmere XMs etablerte globale \u00f8kosystem av produkter, utdanningsressurser og st\u00f8tte.<\/p>\n<p>Den nye autorisasjonen lar XM tilby sitt fulle utvalg av handelstjenester og p\u00e5litelige produkter over hele De forente arabiske emirater gjennom sitt nye nettsted, <a href=\"https:\/\/go.brokercheck.co\/xm\" target=\"_blank\" rel=\"noopener\"><b>www.xm.ae<\/b><\/a>. Nettstedet er for \u00f8yeblikket tilgjengelig p\u00e5 arabisk og engelsk.<\/p>\n<p>Kunder som registrerer seg hos XM f\u00e5r s\u00f8ml\u00f8s onboarding og tilgang til overlegne handelsbetingelser, et bredt utvalg av produkter og handelsverkt\u00f8y, gratis utdanning og prisvinnende st\u00f8tte.<\/p>\n<p>#SCALicenseXM<\/p>\n<p><b>Om XM<\/b><\/p>\n<p>XM er et internasjonalt etablert handels- og investeringsfirma med over 15 millioner kunder fra over 190 land. Med flere internasjonale lisenser tilbyr XM konkurransedyktige tjenester for detaljhandlere, investorer og tilknyttede selskaper.<\/p>\n<p>Med over 15 \u00e5rs erfaring med \u00e5 betjene kunder har XM vist seg \u00e5 v\u00e6re rettferdig, p\u00e5litelig og p\u00e5litelig. Tradere kan f\u00e5 tilgang til over 1400 instrumenter p\u00e5 mer enn 10 plattformer, inkludert XM-appen. Den prisbel\u00f8nte megleren er kjent for sitt brede utvalg av produkter, utmerkede st\u00f8tte og enest\u00e5ende liveoppl\u00e6ring.<\/p>\n<p><b>Risikoadvarsel:<\/b> V\u00e5re tjenester inneb\u00e6rer betydelig risiko og kan f\u00f8re til tap av din investerte kapital. Vilk\u00e5r og betingelser gjelder.<\/p>\n","protected":false},"excerpt":{"rendered":"<p>XM, en globalt anerkjent megler med over 15 millioner kunder over hele verden, har offisielt f\u00e5tt en kategori 5-lisens fra Securities and Commodities Authority (SCA) i De forente arabiske emirater, noe som markerer nok en viktig milep\u00e6l i selskapets fortsatte globale ekspansjon. Godkjenningen fra SCA gjenspeiler XMs dedikasjon til \u00e5 operere under robuste regulatoriske standarder, [&hellip;]<\/p>\n","protected":false},"author":6,"featured_media":19883,"parent":0,"menu_order":0,"comment_status":"open","ping_status":"open","template":"","meta":{"_acf_changed":false,"_glsr_average":0,"_glsr_ranking":0,"_glsr_reviews":0,"footnotes":""},"class_list":["post-19882","page","type-page","status-publish","has-post-thumbnail","hentry"],"acf":[],"_links":{"self":[{"href":"https:\/\/newstaging.brokercheck.co\/no\/wp-json\/wp\/v2\/pages\/19882","targetHints":{"allow":["GET"]}}],"collection":[{"href":"https:\/\/newstaging.brokercheck.co\/no\/wp-json\/wp\/v2\/pages"}],"about":[{"href":"https:\/\/newstaging.brokercheck.co\/no\/wp-json\/wp\/v2\/types\/page"}],"author":[{"embeddable":true,"href":"https:\/\/newstaging.brokercheck.co\/no\/wp-json\/wp\/v2\/users\/6"}],"replies":[{"embeddable":true,"href":"https:\/\/newstaging.brokercheck.co\/no\/wp-json\/wp\/v2\/comments?post=19882"}],"version-history":[{"count":2,"href":"https:\/\/newstaging.brokercheck.co\/no\/wp-json\/wp\/v2\/pages\/19882\/revisions"}],"predecessor-version":[{"id":26046,"href":"https:\/\/newstaging.brokercheck.co\/no\/wp-json\/wp\/v2\/pages\/19882\/revisions\/26046"}],"wp:featuredmedia":[{"embeddable":true,"href":"https:\/\/newstaging.brokercheck.co\/no\/wp-json\/wp\/v2\/media\/19883"}],"wp:attachment":[{"href":"https:\/\/newstaging.brokercheck.co\/no\/wp-json\/wp\/v2\/media?parent=19882"}],"curies":[{"name":"wp","href":"https:\/\/api.w.org\/{rel}","templated":true}]}}