{"id":19892,"date":"2026-01-01T02:30:26","date_gmt":"2026-01-01T02:30:26","guid":{"rendered":"https:\/\/newstaging.brokercheck.co\/xm-secures-sca-license-strengthening-its-presence-in-the-uae\/"},"modified":"2026-02-03T16:56:41","modified_gmt":"2026-02-03T16:56:41","slug":"xm-secures-sca-license-strengthening-its-presence-in-the-uae","status":"publish","type":"page","link":"https:\/\/newstaging.brokercheck.co\/pt-pt\/xm-secures-sca-license-strengthening-its-presence-in-the-uae\/","title":{"rendered":"XM garante licen\u00e7a SCA, refor\u00e7ando a sua presen\u00e7a nos Emirados \u00c1rabes Unidos."},"content":{"rendered":"<p>A XM, corretora de renome mundial com mais de 15 milh\u00f5es de clientes em todo o mundo, obteve oficialmente uma licen\u00e7a de categoria 5 da Autoridade de Valores Mobili\u00e1rios e Commodities (SCA) dos Emirados \u00c1rabes Unidos, marcando mais um importante passo na sua cont\u00ednua expans\u00e3o global.<\/p>\n<p>A aprova\u00e7\u00e3o da SCA reflete a dedica\u00e7\u00e3o da XM em operar sob rigorosos padr\u00f5es regulamentares, mantendo o compromisso de oferecer um ambiente de negocia\u00e7\u00e3o seguro, transparente e focado no cliente.<\/p>\n<p>\u201cOs EAU consolidaram-se como um centro financeiro de classe mundial, e receber a autoriza\u00e7\u00e3o da SCA refor\u00e7a o nosso compromisso com o crescimento a longo prazo e a confian\u00e7a na regi\u00e3o\u201d, afirmou Menelaos Menelaou, co-CEO da XM. \u201cTemos orgulho em oferecer agora aos clientes dos Emirados \u00c1rabes Unidos os mesmos servi\u00e7os premiados e elevados padr\u00f5es de transpar\u00eancia que definem a XM a n\u00edvel global.\u201d<\/p>\n<p>A nova licen\u00e7a refor\u00e7a a presen\u00e7a regional da XM e permite \u00e0 empresa servir diretamente os traders no Dubai e em todos os Emirados, aproximando os clientes locais do ecossistema global consolidado de produtos, recursos educativos e apoio da XM.<\/p>\n<p>A nova autoriza\u00e7\u00e3o permite \u00e0 XM oferecer toda a sua gama de servi\u00e7os de negocia\u00e7\u00e3o e produtos fi\u00e1veis nos Emirados \u00c1rabes Unidos atrav\u00e9s do seu novo website, <a href=\"https:\/\/go.brokercheck.co\/xm\" target=\"_blank\" rel=\"noopener\"><b>www.xm.ae<\/b><\/a>. O site est\u00e1 dispon\u00edvel em \u00e1rabe e ingl\u00eas.<\/p>\n<p>Os clientes que se registam na XM usufruem de um processo de integra\u00e7\u00e3o simplificado e de acesso a condi\u00e7\u00f5es de negocia\u00e7\u00e3o superiores, uma vasta gama de produtos e ferramentas de negocia\u00e7\u00e3o, educa\u00e7\u00e3o gratuita e suporte premiado.<\/p>\n<p>#SCALicenseXM<\/p>\n<p><b>Sobre a XM<\/b><\/p>\n<p>A XM \u00e9 uma empresa de corretagem e investimento internacionalmente reconhecida, com mais de 15 milh\u00f5es de clientes em mais de 190 pa\u00edses. Detentora de v\u00e1rias licen\u00e7as internacionais, a XM oferece servi\u00e7os competitivos para traders de retalho, investidores e afiliados.<\/p>\n<p>Com mais de 15 anos de experi\u00eancia no atendimento a clientes, a XM tem-se mostrado justa, fi\u00e1vel e segura. Os traders podem aceder a mais de 1.400 instrumentos em mais de 10 plataformas, incluindo a aplica\u00e7\u00e3o XM. A corretora premiada \u00e9 conhecida pela sua vasta gama de produtos, excelente apoio e educa\u00e7\u00e3o ao vivo de alta qualidade.<\/p>\n<p><b>Aviso de Risco:<\/b> Os nossos servi\u00e7os envolvem riscos significativos e podem resultar na perda do seu capital investido. Aplicam-se os Termos e Condi\u00e7\u00f5es.<\/p>\n","protected":false},"excerpt":{"rendered":"<p>A XM, corretora de renome mundial com mais de 15 milh\u00f5es de clientes em todo o mundo, obteve oficialmente uma licen\u00e7a de categoria 5 da Autoridade de Valores Mobili\u00e1rios e Commodities (SCA) dos Emirados \u00c1rabes Unidos, marcando mais um importante passo na sua cont\u00ednua expans\u00e3o global. A aprova\u00e7\u00e3o da SCA reflete a dedica\u00e7\u00e3o da XM [&hellip;]<\/p>\n","protected":false},"author":6,"featured_media":19893,"parent":0,"menu_order":0,"comment_status":"open","ping_status":"open","template":"","meta":{"_acf_changed":false,"_glsr_average":0,"_glsr_ranking":0,"_glsr_reviews":0,"footnotes":""},"class_list":["post-19892","page","type-page","status-publish","has-post-thumbnail","hentry"],"acf":[],"_links":{"self":[{"href":"https:\/\/newstaging.brokercheck.co\/pt-pt\/wp-json\/wp\/v2\/pages\/19892","targetHints":{"allow":["GET"]}}],"collection":[{"href":"https:\/\/newstaging.brokercheck.co\/pt-pt\/wp-json\/wp\/v2\/pages"}],"about":[{"href":"https:\/\/newstaging.brokercheck.co\/pt-pt\/wp-json\/wp\/v2\/types\/page"}],"author":[{"embeddable":true,"href":"https:\/\/newstaging.brokercheck.co\/pt-pt\/wp-json\/wp\/v2\/users\/6"}],"replies":[{"embeddable":true,"href":"https:\/\/newstaging.brokercheck.co\/pt-pt\/wp-json\/wp\/v2\/comments?post=19892"}],"version-history":[{"count":2,"href":"https:\/\/newstaging.brokercheck.co\/pt-pt\/wp-json\/wp\/v2\/pages\/19892\/revisions"}],"predecessor-version":[{"id":25993,"href":"https:\/\/newstaging.brokercheck.co\/pt-pt\/wp-json\/wp\/v2\/pages\/19892\/revisions\/25993"}],"wp:featuredmedia":[{"embeddable":true,"href":"https:\/\/newstaging.brokercheck.co\/pt-pt\/wp-json\/wp\/v2\/media\/19893"}],"wp:attachment":[{"href":"https:\/\/newstaging.brokercheck.co\/pt-pt\/wp-json\/wp\/v2\/media?parent=19892"}],"curies":[{"name":"wp","href":"https:\/\/api.w.org\/{rel}","templated":true}]}}