{"id":19904,"date":"2026-01-01T02:30:26","date_gmt":"2026-01-01T02:30:26","guid":{"rendered":"https:\/\/newstaging.brokercheck.co\/xm-secures-sca-license-strengthening-its-presence-in-the-uae\/"},"modified":"2026-02-03T16:56:47","modified_gmt":"2026-02-03T16:56:47","slug":"xm-secures-sca-license-strengthening-its-presence-in-the-uae","status":"publish","type":"page","link":"https:\/\/newstaging.brokercheck.co\/sv\/xm-secures-sca-license-strengthening-its-presence-in-the-uae\/","title":{"rendered":"XM s\u00e4krar SCA-licens och st\u00e4rker d\u00e4rmed sin n\u00e4rvaro i F\u00f6renade Arabemiraten"},"content":{"rendered":"<p><a href=\"https:\/\/go.brokercheck.co\/xm\" target=\"_blank\" rel=\"noopener\">XM<\/a>, en globalt erk\u00e4nd m\u00e4klare med \u00f6ver 15 miljoner kunder v\u00e4rlden \u00f6ver, har officiellt erh\u00e5llit en kategori 5-licens fr\u00e5n <b>Securities and Commodities Authority (SCA)<\/b> i F\u00f6renade Arabemiraten, vilket markerar ytterligare en viktig milstolpe i dess fortsatta globala expansion.<\/p>\n<p>Godk\u00e4nnandet fr\u00e5n SCA \u00e5terspeglar XMs engagemang f\u00f6r att verka under robusta regelverk samtidigt som man forts\u00e4tter att tillhandah\u00e5lla en s\u00e4ker, transparent och kundfokuserad handelsmilj\u00f6.<\/p>\n<p>&#8220;<b><i>F\u00f6renade Arabemiraten har etablerat sig som ett finansiellt nav i v\u00e4rldsklass, och att f\u00e5 auktorisering fr\u00e5n SCA understryker v\u00e5rt engagemang f\u00f6r l\u00e5ngsiktig tillv\u00e4xt och f\u00f6rtroende i regionen<\/i><\/b>&#8220;, s\u00e4ger Menelaos Menelaou, co-VD f\u00f6r XM. &#8220;<b><i>Vi \u00e4r stolta \u00f6ver att nu erbjuda kunder i F\u00f6renade Arabemiraten samma prisbel\u00f6nta tj\u00e4nster och h\u00f6ga transparensstandarder som definierar XM globalt.<\/i><\/b>&#8221;<\/p>\n<p>Den nya licensen st\u00e4rker XMs regionala n\u00e4rvaro och g\u00f6r det m\u00f6jligt f\u00f6r f\u00f6retaget att direkt betj\u00e4na handlare i Dubai och \u00f6ver hela Emiraten, vilket f\u00f6r lokala kunder n\u00e4rmare XMs etablerade globala ekosystem av produkter, utbildningsresurser och support.<\/p>\n<p>Den nya auktorisationen g\u00f6r det m\u00f6jligt f\u00f6r XM att erbjuda sitt fulla utbud av handelstj\u00e4nster och betrodda produkter i hela F\u00f6renade Arabemiraten via sin nya webbplats, <a href=\"https:\/\/go.brokercheck.co\/xm\" target=\"_blank\" rel=\"noopener\"><b>www.xm.ae<\/b><\/a>. Webbplatsen \u00e4r f\u00f6r n\u00e4rvarande tillg\u00e4nglig p\u00e5 arabiska och engelska.<\/p>\n<p>Kunder som registrerar sig hos XM f\u00e5r s\u00f6ml\u00f6s onboarding och tillg\u00e5ng till \u00f6verl\u00e4gsna handelsvillkor, ett brett utbud av produkter och handelsverktyg, gratis utbildning och prisbel\u00f6nt support.<\/p>\n<p>#SCALicenseXM<\/p>\n<p><b>Om XM<\/b><\/p>\n<p>XM \u00e4r ett internationellt etablerat handels- och investeringsf\u00f6retag med \u00f6ver 15 miljoner kunder fr\u00e5n \u00f6ver 190 l\u00e4nder. Bev\u00e4pnat med flera internationella licenser erbjuder XM konkurrenskraftiga tj\u00e4nster f\u00f6r icke-professionella handlare, investerare och affiliates.<\/p>\n<p>Med \u00f6ver 15 \u00e5rs erfarenhet av att betj\u00e4na kunder har XM visat sig vara r\u00e4ttvist, p\u00e5litligt och p\u00e5litligt. Handlare kan f\u00e5 tillg\u00e5ng till \u00f6ver 1 400 instrument p\u00e5 mer \u00e4n 10 plattformar, inklusive XM-appen. Den prisbel\u00f6nta m\u00e4klaren \u00e4r k\u00e4nd f\u00f6r sitt breda utbud av produkter, utm\u00e4rkta support och enast\u00e5ende liveutbildning.<\/p>\n<p><b>Riskvarning:<\/b> V\u00e5ra tj\u00e4nster inneb\u00e4r betydande risker och kan leda till f\u00f6rlust av ditt investerade kapital. Villkor g\u00e4ller.<\/p>\n","protected":false},"excerpt":{"rendered":"<p>XM, en globalt erk\u00e4nd m\u00e4klare med \u00f6ver 15 miljoner kunder v\u00e4rlden \u00f6ver, har officiellt erh\u00e5llit en kategori 5-licens fr\u00e5n Securities and Commodities Authority (SCA) i F\u00f6renade Arabemiraten, vilket markerar ytterligare en viktig milstolpe i dess fortsatta globala expansion. Godk\u00e4nnandet fr\u00e5n SCA \u00e5terspeglar XMs engagemang f\u00f6r att verka under robusta regelverk samtidigt som man forts\u00e4tter att [&hellip;]<\/p>\n","protected":false},"author":6,"featured_media":19905,"parent":0,"menu_order":0,"comment_status":"open","ping_status":"open","template":"","meta":{"_acf_changed":false,"_glsr_average":0,"_glsr_ranking":0,"_glsr_reviews":0,"footnotes":""},"class_list":["post-19904","page","type-page","status-publish","has-post-thumbnail","hentry"],"acf":[],"_links":{"self":[{"href":"https:\/\/newstaging.brokercheck.co\/sv\/wp-json\/wp\/v2\/pages\/19904","targetHints":{"allow":["GET"]}}],"collection":[{"href":"https:\/\/newstaging.brokercheck.co\/sv\/wp-json\/wp\/v2\/pages"}],"about":[{"href":"https:\/\/newstaging.brokercheck.co\/sv\/wp-json\/wp\/v2\/types\/page"}],"author":[{"embeddable":true,"href":"https:\/\/newstaging.brokercheck.co\/sv\/wp-json\/wp\/v2\/users\/6"}],"replies":[{"embeddable":true,"href":"https:\/\/newstaging.brokercheck.co\/sv\/wp-json\/wp\/v2\/comments?post=19904"}],"version-history":[{"count":2,"href":"https:\/\/newstaging.brokercheck.co\/sv\/wp-json\/wp\/v2\/pages\/19904\/revisions"}],"predecessor-version":[{"id":26055,"href":"https:\/\/newstaging.brokercheck.co\/sv\/wp-json\/wp\/v2\/pages\/19904\/revisions\/26055"}],"wp:featuredmedia":[{"embeddable":true,"href":"https:\/\/newstaging.brokercheck.co\/sv\/wp-json\/wp\/v2\/media\/19905"}],"wp:attachment":[{"href":"https:\/\/newstaging.brokercheck.co\/sv\/wp-json\/wp\/v2\/media?parent=19904"}],"curies":[{"name":"wp","href":"https:\/\/api.w.org\/{rel}","templated":true}]}}