{"id":19708,"date":"2026-01-04T11:38:07","date_gmt":"2026-01-04T11:38:07","guid":{"rendered":"https:\/\/newstaging.brokercheck.co\/amistades-en-linea-verdaderas-o-falsas\/"},"modified":"2026-02-03T16:43:10","modified_gmt":"2026-02-03T16:43:10","slug":"amistades-en-linea-verdaderas-o-falsas","status":"publish","type":"page","link":"https:\/\/newstaging.brokercheck.co\/vi\/amistades-en-linea-verdaderas-o-falsas\/","title":{"rendered":"Amistades en l\u00ednea: \u00bfverdaderas ho\u1eb7c falsas?"},"content":{"rendered":"<p>M\u1ed9t s\u1ed1 studio c\u00f3 th\u1ec3 t\u1ea1o ra m\u1ed9t m\u1ed1i t\u01b0\u01a1ng quan v\u1edbi vi\u1ec7c s\u1eed d\u1ee5ng c\u00e1c m\u1ea1ng x\u00e3 h\u1ed9i v\u00e0 baja t\u1ef1 \u0111\u1ed9ng \u01b0\u1edbc t\u00ednh, m\u1ed9t s\u1ed1 kh\u00f4ng t\u1ed3n t\u1ea1i c\u00f3 th\u1ec3 khi\u1ebfn b\u1ea1n ph\u1ea3i suy ngh\u0129 v\u1ec1 nguy\u00ean nh\u00e2n ch\u00ednh. De hecho, otros han salido en defensa de internet v\u00e0 afirman que ha hecho lo contrario: ha ayudado a revitalizar las relaciones sociales. M\u1ed9t s\u1ed1 nh\u00e2n c\u00e1ch kh\u00e1c c\u00f3 k\u1ebft qu\u1ea3 l\u00e0 d\u1ec5 d\u00e0ng h\u01a1n trong m\u1ed1i quan h\u1ec7 c\u00f3 th\u1ec3 x\u1ea3y ra v\u1edbi m\u1ed9t qu\u1ea7n l\u00f3t. Les allowe ser ellas mismas sin miedo al rechazo, el rid\u00edculo ni el juicio. Ngay sau \u0111\u00f3, b\u1ea1n c\u00f3 th\u1ec3 c\u00f3 \u0111\u1ee7 ni\u1ec1m tin \u0111\u1ec3 h\u1ee3p nh\u1ea5t c\u00e1c c\u00e1 nh\u00e2n \u1ea3o c\u1ee7a m\u00ecnh v\u1edbi nh\u1eefng g\u00ec b\u1ea1n c\u00f3 th\u1ec3 l\u00e0m tr\u00ean m\u1ea1ng, convirti\u00e9ndose trong m\u1ed9t phi\u00ean b\u1ea3n t\u1ef1 \u0111\u1ed9ng h\u01a1n c\u1ee7a b\u1ea1n.<\/p>\n","protected":false},"excerpt":{"rendered":"<p>M\u1ed9t s\u1ed1 studio c\u00f3 th\u1ec3 t\u1ea1o ra m\u1ed9t m\u1ed1i t\u01b0\u01a1ng quan v\u1edbi vi\u1ec7c s\u1eed d\u1ee5ng c\u00e1c m\u1ea1ng x\u00e3 h\u1ed9i v\u00e0 baja t\u1ef1 \u0111\u1ed9ng \u01b0\u1edbc t\u00ednh, m\u1ed9t s\u1ed1 kh\u00f4ng t\u1ed3n t\u1ea1i c\u00f3 th\u1ec3 khi\u1ebfn b\u1ea1n ph\u1ea3i suy ngh\u0129 v\u1ec1 nguy\u00ean nh\u00e2n ch\u00ednh. De hecho, otros han salido en defensa de internet v\u00e0 afirman que ha hecho [&hellip;]<\/p>\n","protected":false},"author":15,"featured_media":0,"parent":0,"menu_order":0,"comment_status":"open","ping_status":"open","template":"","meta":{"_acf_changed":false,"_glsr_average":0,"_glsr_ranking":0,"_glsr_reviews":0,"footnotes":""},"class_list":["post-19708","page","type-page","status-publish","hentry"],"acf":[],"_links":{"self":[{"href":"https:\/\/newstaging.brokercheck.co\/vi\/wp-json\/wp\/v2\/pages\/19708","targetHints":{"allow":["GET"]}}],"collection":[{"href":"https:\/\/newstaging.brokercheck.co\/vi\/wp-json\/wp\/v2\/pages"}],"about":[{"href":"https:\/\/newstaging.brokercheck.co\/vi\/wp-json\/wp\/v2\/types\/page"}],"author":[{"embeddable":true,"href":"https:\/\/newstaging.brokercheck.co\/vi\/wp-json\/wp\/v2\/users\/15"}],"replies":[{"embeddable":true,"href":"https:\/\/newstaging.brokercheck.co\/vi\/wp-json\/wp\/v2\/comments?post=19708"}],"version-history":[{"count":2,"href":"https:\/\/newstaging.brokercheck.co\/vi\/wp-json\/wp\/v2\/pages\/19708\/revisions"}],"predecessor-version":[{"id":25186,"href":"https:\/\/newstaging.brokercheck.co\/vi\/wp-json\/wp\/v2\/pages\/19708\/revisions\/25186"}],"wp:attachment":[{"href":"https:\/\/newstaging.brokercheck.co\/vi\/wp-json\/wp\/v2\/media?parent=19708"}],"curies":[{"name":"wp","href":"https:\/\/api.w.org\/{rel}","templated":true}]}}