{"id":8583,"date":"2024-11-05T17:27:30","date_gmt":"2024-11-05T17:27:30","guid":{"rendered":"https:\/\/brokercheck.co\/?page_id=8583"},"modified":"2026-02-03T16:44:53","modified_gmt":"2026-02-03T16:44:53","slug":"trang-chu","status":"publish","type":"page","link":"https:\/\/newstaging.brokercheck.co\/vi\/","title":{"rendered":"Trang ch\u1ee7"},"content":{"rendered":"","protected":false},"excerpt":{"rendered":"<p>BrokerCheck l\u00e0 n\u1ec1n t\u1ea3ng to\u00e0n di\u1ec7n gi\u00fap b\u1ea1n t\u00ecm ki\u1ebfm c\u00e1c c\u01a1 h\u1ed9i giao d\u1ecbch v\u00e0 \u0111\u1ea7u t\u01b0. T\u00ecm \u0111\u01b0\u1ee3c nh\u00e0 m\u00f4i gi\u1edbi ph\u00f9 h\u1ee3p, h\u1ecdc h\u1ecfi t\u1eeb chuy\u00ean gia v\u00e0 th\u00fac \u0111\u1ea9y s\u1ef1 nghi\u1ec7p giao d\u1ecbch c\u1ee7a b\u1ea1n. <\/p>\n","protected":false},"author":1,"featured_media":0,"parent":0,"menu_order":0,"comment_status":"closed","ping_status":"closed","template":"","meta":{"_acf_changed":false,"_glsr_average":0,"_glsr_ranking":0,"_glsr_reviews":0,"footnotes":""},"class_list":["post-8583","page","type-page","status-publish","hentry"],"acf":[],"_links":{"self":[{"href":"https:\/\/newstaging.brokercheck.co\/vi\/wp-json\/wp\/v2\/pages\/8583","targetHints":{"allow":["GET"]}}],"collection":[{"href":"https:\/\/newstaging.brokercheck.co\/vi\/wp-json\/wp\/v2\/pages"}],"about":[{"href":"https:\/\/newstaging.brokercheck.co\/vi\/wp-json\/wp\/v2\/types\/page"}],"author":[{"embeddable":true,"href":"https:\/\/newstaging.brokercheck.co\/vi\/wp-json\/wp\/v2\/users\/1"}],"replies":[{"embeddable":true,"href":"https:\/\/newstaging.brokercheck.co\/vi\/wp-json\/wp\/v2\/comments?post=8583"}],"version-history":[{"count":8,"href":"https:\/\/newstaging.brokercheck.co\/vi\/wp-json\/wp\/v2\/pages\/8583\/revisions"}],"predecessor-version":[{"id":25585,"href":"https:\/\/newstaging.brokercheck.co\/vi\/wp-json\/wp\/v2\/pages\/8583\/revisions\/25585"}],"wp:attachment":[{"href":"https:\/\/newstaging.brokercheck.co\/vi\/wp-json\/wp\/v2\/media?parent=8583"}],"curies":[{"name":"wp","href":"https:\/\/api.w.org\/{rel}","templated":true}]}}